{"id":8,"date":"2021-07-05T17:04:44","date_gmt":"2021-07-05T15:04:44","guid":{"rendered":"https:\/\/www.physio-fleige.de\/?page_id=8"},"modified":"2024-11-30T19:50:48","modified_gmt":"2024-11-30T18:50:48","slug":"physiotherapie","status":"publish","type":"page","link":"https:\/\/www.physio-fleige.de\/","title":{"rendered":"Physiotherapie David Fleige Hagen"},"content":{"rendered":"\n<p>Derzeit befinden sich Praxis und Internetseite noch im Aufbau.<\/p>\n\n\n\n<p>Wir freuen uns bald auf Ihren Besuch in unseren R\u00e4umlichkeiten und beraten Sie gerne vor Ort \u00fcber die M\u00f6glichkeiten unserer Anwendungen.<\/p>\n\n\n\n<p><strong>David Fleige<\/strong><br>Brahmsstr 54<br>58097 Hagen<\/p>\n\n\n\n<p>\u260e <a href=\"tel:\/\/+4917641847431\">+49 (176) 41847431<\/a><\/p>\n\n\n\n<p>\u260e (02331) 30 63 43 2<\/p>\n\n\n\n<p>\ud83d\udce7 i<a href=\"mailto:nfo@physio-fleige.de\">nfo@physio-fleige.de<\/a><\/p>\n\n\n\n<p><\/p>\n","protected":false},"excerpt":{"rendered":"<p>Derzeit befinden sich Praxis und Internetseite noch im Aufbau. Wir freuen uns bald auf Ihren Besuch in unseren R\u00e4umlichkeiten und beraten Sie gerne vor Ort \u00fcber die M\u00f6glichkeiten unserer Anwendungen. David FleigeBrahmsstr 5458097 Hagen \u260e +49 (176) 41847431 \u260e (02331) 30 63 43 2 \ud83d\udce7 info@physio-fleige.de<\/p>\n","protected":false},"author":2,"featured_media":0,"parent":0,"menu_order":0,"comment_status":"closed","ping_status":"closed","template":"","meta":{"footnotes":""},"class_list":["post-8","page","type-page","status-publish","hentry","entry"],"_links":{"self":[{"href":"https:\/\/www.physio-fleige.de\/index.php?rest_route=\/wp\/v2\/pages\/8","targetHints":{"allow":["GET"]}}],"collection":[{"href":"https:\/\/www.physio-fleige.de\/index.php?rest_route=\/wp\/v2\/pages"}],"about":[{"href":"https:\/\/www.physio-fleige.de\/index.php?rest_route=\/wp\/v2\/types\/page"}],"author":[{"embeddable":true,"href":"https:\/\/www.physio-fleige.de\/index.php?rest_route=\/wp\/v2\/users\/2"}],"replies":[{"embeddable":true,"href":"https:\/\/www.physio-fleige.de\/index.php?rest_route=%2Fwp%2Fv2%2Fcomments&post=8"}],"version-history":[{"count":5,"href":"https:\/\/www.physio-fleige.de\/index.php?rest_route=\/wp\/v2\/pages\/8\/revisions"}],"predecessor-version":[{"id":25,"href":"https:\/\/www.physio-fleige.de\/index.php?rest_route=\/wp\/v2\/pages\/8\/revisions\/25"}],"wp:attachment":[{"href":"https:\/\/www.physio-fleige.de\/index.php?rest_route=%2Fwp%2Fv2%2Fmedia&parent=8"}],"curies":[{"name":"wp","href":"https:\/\/api.w.org\/{rel}","templated":true}]}}